{"id":4,"date":"2022-02-08T18:02:30","date_gmt":"2022-02-08T16:02:30","guid":{"rendered":"https:\/\/unistream.fi\/taike\/?page_id=4"},"modified":"2025-10-26T14:49:50","modified_gmt":"2025-10-26T12:49:50","slug":"etusivu","status":"publish","type":"page","link":"https:\/\/unistream.fi\/taike\/","title":{"rendered":"Etusivu"},"content":{"rendered":"<div id=\"cs-content\" class=\"cs-content\"><div class=\"x-section e4-e1 m4-0 m4-1 m4-2\"><div class=\"x-row e4-e2 m4-7 m4-8 m4-9 m4-d\"><div class=\"x-row-inner\"><div class=\"x-col e4-e3 m4-j\"><hr class=\"x-line e4-e4 m4-k\"\/><\/div><\/div><\/div><\/div><div class=\"x-section e4-e5 m4-0 m4-3 m4-4\"><div class=\"x-row e4-e6 m4-7 m4-8 m4-a m4-b m4-e m4-f\"><div class=\"x-row-inner\"><div class=\"x-col e4-e7 m4-j\"><span class=\"x-image e4-e8 m4-l\"><img decoding=\"async\" src=\"https:\/\/unistream.fi\/taike\/wp-content\/uploads\/sites\/10\/2022\/02\/taike_logo_short_black_horizontal_fin_S.png\" width=\"320\" height=\"29\" alt=\"Image\" loading=\"lazy\"><\/span><\/div><\/div><\/div><\/div><div class=\"x-section e4-e9 m4-0 m4-2 m4-4 m4-5\"><div class=\"x-row x-container max width e4-e10 m4-7 m4-8 m4-a m4-b m4-e m4-g\"><div class=\"x-row-inner\"><div class=\"x-col e4-e11 m4-j\"><div class=\"x-text x-text-headline e4-e12 m4-m\"><div class=\"x-text-content\"><div class=\"x-text-content-text\"><h1 class=\"x-text-content-text-primary\">Kirjaudu sis&auml;&auml;n<\/h1>\n<\/div><\/div><\/div><hr class=\"x-line e4-e13 m4-n\"\/><form name=\"custom_loginform\" id=\"custom_loginform\" action=\"https:\/\/unistream.fi\/taike\/wp-login.php\" method=\"post\"><p class=\"login-username\">\n\t\t\t\t<label for=\"user_login\">K\u00e4ytt\u00e4j\u00e4tunnus<\/label>\n\t\t\t\t<input type=\"text\" name=\"log\" id=\"user_login\" autocomplete=\"username\" class=\"input\" value=\"\" size=\"20\" \/>\n\t\t\t<\/p><p class=\"login-password\">\n\t\t\t\t<label for=\"user_pass\">Salasana<\/label>\n\t\t\t\t<input type=\"password\" name=\"pwd\" id=\"user_pass\" autocomplete=\"current-password\" spellcheck=\"false\" class=\"input\" value=\"\" size=\"20\" \/>\n\t\t\t<\/p><p class=\"login-remember\"><label><input name=\"rememberme\" type=\"checkbox\" id=\"rememberme\" value=\"forever\" \/> Muista minut<\/label><\/p><p class=\"login-submit\">\n\t\t\t\t<input type=\"submit\" name=\"wp-submit\" id=\"wp-submit\" class=\"button button-primary\" value=\"Kirjaudu sis\u00e4\u00e4n\" \/>\n\t\t\t\t<input type=\"hidden\" name=\"redirect_to\" value=\"https:\/\/unistream.fi\/taike\/wp-json\/wp\/v2\/pages\/4\" \/>\n\t\t\t<\/p><\/form><\/div><\/div><\/div><\/div><div class=\"x-section e4-e21 m4-0 m4-2 m4-4 m4-6\"><div class=\"x-row e4-e22 m4-7 m4-b m4-c m4-e m4-i\"><div class=\"x-row-inner\"><div class=\"x-col e4-e23 m4-j\"><span class=\"x-image e4-e24 m4-l\"><img decoding=\"async\" src=\"https:\/\/unistream.fi\/taike\/wp-content\/uploads\/sites\/10\/2022\/02\/footerlogo.png\" alt=\"Image\" loading=\"lazy\"><\/span><hr class=\"x-line e4-e25 m4-n\"\/><div class=\"x-text x-content e4-e26 m4-o m4-q\"><p>Taiteen edist&auml;miskeskus (Taike) on taiteen edist&auml;misen asiantuntija- ja palveluvirasto.<\/p>\n<p class=\"footer-links\"><span style=\"color: #ffffff;\"><a style=\"color: #ffffff;\" href=\"https:\/\/www.taike.fi\/fi\/evasteet\">Ev&auml;steet<\/a><\/span><br \/><span style=\"color: #ffffff;\"><a style=\"color: #ffffff;\" href=\"https:\/\/www.taike.fi\/fi\/saavutettavuus\">Saavutettavuus<\/a><\/span><br \/><span style=\"color: #ffffff;\"><a style=\"color: #ffffff;\" href=\"https:\/\/www.taike.fi\/fi\/tietosuoja\">Tietosuoja<\/a><\/span><\/p><\/div><\/div><div class=\"x-col e4-e27 m4-j\"><div class=\"x-text x-content e4-e28 m4-o m4-q\"><div class=\"span6\">\n<div>\n<p>Hakaniemenranta 6<br \/>PL 1001, 00531 Helsinki<\/p>\n<p>p. 0295 330 900<br \/>(vaihde)<br \/>p. 0295 330 700<br \/>(asiakaspalvelu)<\/p>\n<\/div>\n<\/div><\/div><\/div><div class=\"x-col e4-e29 m4-j\"><div class=\"x-text x-content e4-e30 m4-o m4-q\"><div class=\"span6\">\n<div class=\"no-bottom-padding\">\n<p><span style=\"color: #ffffff;\"><a style=\"color: #ffffff;\" href=\"mailto:asiakaspalvelu@taike.fi\">asiakaspalvelu@taike.fi<\/a><\/span><br \/><span style=\"color: #ffffff;\"><a style=\"color: #ffffff;\" href=\"mailto:kirjaamo@taike.fi\">kirjaamo@taike.fi<\/a><\/span><br \/><span style=\"color: #ffffff;\">etunimi.sukunimi@taike.fi<\/span><\/p>\n<\/div>\n<\/div><\/div><\/div><\/div><\/div><\/div><\/div>\n","protected":false},"excerpt":{"rendered":"<p>Kirjaudu sis&auml;&auml;n K\u00e4ytt\u00e4j\u00e4tunnus Salasana Muista minut Taiteen edist&auml;miskeskus (Taike) on taiteen edist&auml;misen asiantuntija- ja palveluvirasto. Ev&auml;steetSaavutettavuusTietosuoja Hakaniemenranta 6PL 1001, 00531 Helsinki p. 0295 330 900(vaihde)p. 0295 330 700(asiakaspalvelu) asiakaspalvelu@taike.fikirjaamo@taike.fietunimi.sukunimi@taike.fi<\/p>\n","protected":false},"author":6,"featured_media":0,"parent":0,"menu_order":0,"comment_status":"closed","ping_status":"closed","template":"template-blank-3.php","meta":{"_acf_changed":false,"footnotes":""},"class_list":["post-4","page","type-page","status-publish","hentry","no-post-thumbnail"],"acf":[],"_links":{"self":[{"href":"https:\/\/unistream.fi\/taike\/wp-json\/wp\/v2\/pages\/4","targetHints":{"allow":["GET"]}}],"collection":[{"href":"https:\/\/unistream.fi\/taike\/wp-json\/wp\/v2\/pages"}],"about":[{"href":"https:\/\/unistream.fi\/taike\/wp-json\/wp\/v2\/types\/page"}],"author":[{"embeddable":true,"href":"https:\/\/unistream.fi\/taike\/wp-json\/wp\/v2\/users\/6"}],"replies":[{"embeddable":true,"href":"https:\/\/unistream.fi\/taike\/wp-json\/wp\/v2\/comments?post=4"}],"version-history":[{"count":16,"href":"https:\/\/unistream.fi\/taike\/wp-json\/wp\/v2\/pages\/4\/revisions"}],"predecessor-version":[{"id":512,"href":"https:\/\/unistream.fi\/taike\/wp-json\/wp\/v2\/pages\/4\/revisions\/512"}],"wp:attachment":[{"href":"https:\/\/unistream.fi\/taike\/wp-json\/wp\/v2\/media?parent=4"}],"curies":[{"name":"wp","href":"https:\/\/api.w.org\/{rel}","templated":true}]}}